{"id":537,"date":"2016-12-27T10:48:07","date_gmt":"2016-12-27T10:48:07","guid":{"rendered":"http:\/\/danksmillercory.com\/new\/?page_id=537"},"modified":"2024-01-04T19:07:08","modified_gmt":"2024-01-05T00:07:08","slug":"kenneth-c-miller","status":"publish","type":"page","link":"https:\/\/www.danksmillercory.com\/abogados\/kenneth-c-miller\/","title":{"rendered":"Kenneth C. Miller"},"content":{"rendered":"<p>[et_pb_section fb_built=&#8221;1&#8243; _builder_version=&#8221;4.16&#8243; global_colors_info=&#8221;{}&#8221;][et_pb_row _builder_version=&#8221;4.16&#8243; background_size=&#8221;initial&#8221; background_position=&#8221;top_left&#8221; background_repeat=&#8221;repeat&#8221; global_colors_info=&#8221;{}&#8221;][et_pb_column type=&#8221;4_4&#8243; _builder_version=&#8221;4.16&#8243; custom_padding=&#8221;|||&#8221; global_colors_info=&#8221;{}&#8221; custom_padding__hover=&#8221;|||&#8221;][et_pb_text admin_label=&#8221;Text&#8221; _builder_version=&#8221;4.16&#8243; background_size=&#8221;initial&#8221; background_position=&#8221;top_left&#8221; background_repeat=&#8221;repeat&#8221; global_colors_info=&#8221;{}&#8221;]<\/p>\n<h1 class=\"main_title\">KENNETH C. MILLER<\/h1>\n<p>[\/et_pb_text][et_pb_text admin_label=&#8221;Text&#8221; _builder_version=&#8221;4.16&#8243; background_size=&#8221;initial&#8221; background_position=&#8221;top_left&#8221; background_repeat=&#8221;repeat&#8221; global_colors_info=&#8221;{}&#8221;][\/et_pb_text][\/et_pb_column][\/et_pb_row][et_pb_row column_structure=&#8221;2_5,3_5&#8243; _builder_version=&#8221;4.23.4&#8243; _module_preset=&#8221;default&#8221; global_colors_info=&#8221;{}&#8221;][et_pb_column type=&#8221;2_5&#8243; _builder_version=&#8221;4.23.4&#8243; _module_preset=&#8221;default&#8221; global_colors_info=&#8221;{}&#8221;][et_pb_image src=&#8221;https:\/\/www.danksmillercory.com\/abogados\/wp-content\/uploads\/2022\/04\/DMC-2.jpg&#8221; title_text=&#8221;DMC-2&#8243; _builder_version=&#8221;4.23.4&#8243; _module_preset=&#8221;default&#8221; global_colors_info=&#8221;{}&#8221;][\/et_pb_image][\/et_pb_column][et_pb_column type=&#8221;3_5&#8243; _builder_version=&#8221;4.23.4&#8243; _module_preset=&#8221;default&#8221; global_colors_info=&#8221;{}&#8221;][et_pb_text _builder_version=&#8221;4.23.4&#8243; _module_preset=&#8221;default&#8221; global_colors_info=&#8221;{}&#8221;]<\/p>\n<p>Ken Miller es un defensor poderoso de sus clientes. Ken es conocido como un litigante agresivo y negociante. Tiene una profunda pasi\u00f3n por sus clientes y eso lo ha llevado a ayudar a aquellos que han sido heridos o que necesitan ayuda.<\/p>\n<p>Ken ha practicado leyes por m\u00e1s de 20 a\u00f1os. Se gradu\u00f3 de <a href=\"http:\/\/denison.edu\/\">Denison University<\/a>\u00a0en\u00a01991, y recibi\u00f3 su titulo como abogado de la <a href=\"http:\/\/law.olemiss.edu\/\">Universidad de Mississippi<\/a>\u00a0en 1995.<\/p>\n<p>Ken es un miembro de la Barra de Abogados de Mississippi y de la Asociaci\u00f3n de la Barra del Condado de Hinds. Su pr\u00e1ctica se enfoca principalmente en casos de negligencia m\u00e9dica, conflictos con aseguradoras, asuntos de inmigraci\u00f3n y casos de familia.<\/p>\n<p>Ken es un miembro\u00a0de la \u00a0<a href=\"https:\/\/www.msaj.org\/\">Asociaci\u00f3n de Justicia de Mississippi <\/a>y ha sido orador para abogados de Mississippi en distintas \u00e1reas de derecho incluyendo, pero no limitada en negligencia medica y litigios de mala fe con aseguradoras.<\/p>\n<p>Ken esta casado con Caroline Miller y tienen dos hijos, Charlie y\u00a0John. La familia asiste a la Iglesia First Baptist en Jackson, Mississippi.<\/p>\n<p><strong>Licencia\u00a0para Practicar<\/strong><\/p>\n<ul>\n<li>Mississippi, 1995<\/li>\n<li>U.S. District Court Northern District of Mississippi, 1995<\/li>\n<li>U.S. District Court Southern District of Mississippi, 1995<\/li>\n<li>U.S. Court of Appeals 5th Circuit, 1995<\/li>\n<\/ul>\n<p>Cont\u00e1ctame por e-mail: <u><a href=\"mailto:kmiller@dmclaw.net\">kmiller@dmclaw.net<\/a><\/u>; Tel\u00e9fono: 601-957-3101; Fax: 601-957-3160<\/p>\n<p>[\/et_pb_text][\/et_pb_column][\/et_pb_row][\/et_pb_section]<\/p>\n","protected":false},"excerpt":{"rendered":"<p>KENNETH C. MILLER Ken Miller es un defensor poderoso de sus clientes. Ken es conocido como un litigante agresivo y negociante. Tiene una profunda pasi\u00f3n por sus clientes y eso lo ha llevado a ayudar a aquellos que han sido heridos o que necesitan ayuda. Ken ha practicado leyes por m\u00e1s de 20 a\u00f1os. Se [&hellip;]<\/p>\n","protected":false},"author":1,"featured_media":0,"parent":0,"menu_order":0,"comment_status":"closed","ping_status":"closed","template":"","meta":{"_et_pb_use_builder":"on","_et_pb_old_content":"","_et_gb_content_width":"","footnotes":""},"class_list":["post-537","page","type-page","status-publish","hentry"],"_links":{"self":[{"href":"https:\/\/www.danksmillercory.com\/abogados\/wp-json\/wp\/v2\/pages\/537","targetHints":{"allow":["GET"]}}],"collection":[{"href":"https:\/\/www.danksmillercory.com\/abogados\/wp-json\/wp\/v2\/pages"}],"about":[{"href":"https:\/\/www.danksmillercory.com\/abogados\/wp-json\/wp\/v2\/types\/page"}],"author":[{"embeddable":true,"href":"https:\/\/www.danksmillercory.com\/abogados\/wp-json\/wp\/v2\/users\/1"}],"replies":[{"embeddable":true,"href":"https:\/\/www.danksmillercory.com\/abogados\/wp-json\/wp\/v2\/comments?post=537"}],"version-history":[{"count":13,"href":"https:\/\/www.danksmillercory.com\/abogados\/wp-json\/wp\/v2\/pages\/537\/revisions"}],"predecessor-version":[{"id":2167,"href":"https:\/\/www.danksmillercory.com\/abogados\/wp-json\/wp\/v2\/pages\/537\/revisions\/2167"}],"wp:attachment":[{"href":"https:\/\/www.danksmillercory.com\/abogados\/wp-json\/wp\/v2\/media?parent=537"}],"curies":[{"name":"wp","href":"https:\/\/api.w.org\/{rel}","templated":true}]}}