{"id":518,"date":"2016-12-27T09:45:12","date_gmt":"2016-12-27T09:45:12","guid":{"rendered":"http:\/\/danksmillercory.com\/new\/?page_id=518"},"modified":"2024-01-04T19:07:50","modified_gmt":"2024-01-05T00:07:50","slug":"michael-v-cory-jr","status":"publish","type":"page","link":"https:\/\/www.danksmillercory.com\/abogados\/michael-v-cory-jr\/","title":{"rendered":"Michael V. Cory Jr."},"content":{"rendered":"<p>[et_pb_section fb_built=&#8221;1&#8243; _builder_version=&#8221;4.16&#8243; global_colors_info=&#8221;{}&#8221;][et_pb_row _builder_version=&#8221;4.16&#8243; background_size=&#8221;initial&#8221; background_position=&#8221;top_left&#8221; background_repeat=&#8221;repeat&#8221; global_colors_info=&#8221;{}&#8221;][et_pb_column type=&#8221;4_4&#8243; _builder_version=&#8221;4.16&#8243; custom_padding=&#8221;|||&#8221; global_colors_info=&#8221;{}&#8221; custom_padding__hover=&#8221;|||&#8221;][et_pb_text admin_label=&#8221;Text&#8221; _builder_version=&#8221;4.16&#8243; background_size=&#8221;initial&#8221; background_position=&#8221;top_left&#8221; background_repeat=&#8221;repeat&#8221; global_colors_info=&#8221;{}&#8221;]<\/p>\n<h1 class=\"main_title\">MICHAEL V. CORY JR.<\/h1>\n<p>[\/et_pb_text][et_pb_text admin_label=&#8221;Text&#8221; _builder_version=&#8221;4.16&#8243; background_size=&#8221;initial&#8221; background_position=&#8221;top_left&#8221; background_repeat=&#8221;repeat&#8221; global_colors_info=&#8221;{}&#8221;]<\/p>\n<h3><\/h3>\n<p>&nbsp;<\/p>\n<p>[\/et_pb_text][\/et_pb_column][\/et_pb_row][et_pb_row column_structure=&#8221;2_5,3_5&#8243; _builder_version=&#8221;4.23.4&#8243; _module_preset=&#8221;default&#8221; global_colors_info=&#8221;{}&#8221;][et_pb_column type=&#8221;2_5&#8243; _builder_version=&#8221;4.23.4&#8243; _module_preset=&#8221;default&#8221; global_colors_info=&#8221;{}&#8221;][et_pb_image src=&#8221;https:\/\/www.danksmillercory.com\/abogados\/wp-content\/uploads\/2022\/04\/Michelle-Davison-CM-44.jpg&#8221; title_text=&#8221;Michelle Davison &#8211; CM-44&#8243; _builder_version=&#8221;4.23.4&#8243; _module_preset=&#8221;default&#8221; global_colors_info=&#8221;{}&#8221;][\/et_pb_image][\/et_pb_column][et_pb_column type=&#8221;3_5&#8243; _builder_version=&#8221;4.23.4&#8243; _module_preset=&#8221;default&#8221; global_colors_info=&#8221;{}&#8221;][et_pb_text _builder_version=&#8221;4.23.4&#8243; _module_preset=&#8221;default&#8221; global_colors_info=&#8221;{}&#8221;]<\/p>\n<p>Michael V. Cory, Jr., ha sido socio del bufete de\u00a0<a href=\"https:\/\/www.danksmillercory.com\/abogados\/experienced-mississippi-attorneys\/\">Danks, Miller, &amp; Cory<\/a>\u00a0desde 2005. Su pr\u00e1ctica esta enfocada principalmente en litigio civil, derecho de negocios y derecho laboral.<\/p>\n<p>Michael ha litigado m\u00e1s de 70 casos en tribunales incluyendo, conflictos comerciales, conflictos de construcci\u00f3n, casos de defensa criminal, conflictos laborales, conflictos de cobertura de aseguradoras, conflictos de responsabilidad de locales, conflictos de responsabilidad de automobiles y conflictos de negligencia profesional. Adem\u00e1s tiene experiencia representando clientes en temas administrativos frente a diferentes entidades estatales.<\/p>\n<p>Antes de formar parte de Danks, Miller, &amp; Cory, Michael fue socio en Steen, Reynolds &amp; Dalehite, LLP, y\u00a0Burr Forman, LLP. Mientras estuvo en estos despachos de abogados, su pr\u00e1ctica se enfocaba\u00a0principalmente en manejar casos de responsabilidad de actores y terceros en conflictos con\u00a0Allstate Insurance Company, State Farm Mutual Insurance Company, American International Insurance Group, Zurich\/American Insurance Group, St. Paul Travelers Insurance Company, y\u00a0Medical Assurance Company of Mississippi.<\/p>\n<p>Michael es miembro de\u00a0<a href=\"http:\/\/www.caba.ms\/\">Capital Area Bar Association<\/a>,\u00a0la\u00a0<a href=\"https:\/\/www.danksmillercory.com\/abogados\/2017\/01\/30\/how-to-protect-your-constitutional-rights\/\">Barra del Estado de Mississippi <\/a>, la Asociaci\u00f3n de Abogados de Defensa en Mississippi, la\u00a0<a href=\"https:\/\/www.danksmillercory.com\/abogados\/2017\/01\/30\/periodic-alimony-self-help-not-allowed\/\">Asociaci\u00f3n Nacional de Abogados de Defensa Criminal <\/a>y\u00a0el\u00a0<a href=\"http:\/\/www.dri.org\/\">Instituto de Investigaciones de Defensa<\/a>. Es un orador recurrente en la pr\u00e1ctica del litigio, seguros, cobertura de aseguradoras, y en t\u00e9cnicas de negociaci\u00f3n.<\/p>\n<p>Michael naci\u00f3 en Los Angeles, California. Se gradu\u00f3 de la Universidad de\u00a0Alabama en\u00a01989 con un B.A. en Ciencias Pol\u00edticas. Se gradu\u00f3 con\u00a0<em>cum laude<\/em>\u00a0en\u00a01994 de la Escuela de Leyes\u00a0de la\u00a0Universidad de Mississippi donde fue miembro\u00a0del Consejo de la Junta de Corte, y editor de Proyectos Especiales del Peri\u00f3dico Legal de Mississippi, 1993-1994. De\u00a01990-1997, sirvi\u00f3 como Capitan, IN, en la Reserva del Ejercito de los Estados Unidos. Ha sido co-autor de dos art\u00edculos legales del peri\u00f3dico \u201c<em>Mississippi Uninsured Motorist Law \u2013 Where Do We Go From Here<\/em>,\u201d 68 Miss. L.J. 455 (1999) y\u00a0\u201c<em>The Circumvention of Mississippi\u2019s Prohibition against Direct Actions<\/em>\u201c, 66 Miss. L.J. 493 (1997), y ha escrito un gran numero de ensayos para presentaciones.<\/p>\n<p>Michael es un miembro activo en la asociaci\u00f3n de vecinos de su comunidad, voluntario de otras organizaciones de la comunidad, y ha servido en diversas comisiones\u00a0de organizaciones sin fines de lucro.<\/p>\n<p><a href=\"https:\/\/www.danksmillercory.com\/abogados\/contact-us\/\">Cont\u00e1ctame<\/a><\/p>\n<p>[\/et_pb_text][\/et_pb_column][\/et_pb_row][\/et_pb_section]<\/p>\n","protected":false},"excerpt":{"rendered":"<p>MICHAEL V. CORY JR. &nbsp;Michael V. Cory, Jr., ha sido socio del bufete de\u00a0Danks, Miller, &amp; Cory\u00a0desde 2005. Su pr\u00e1ctica esta enfocada principalmente en litigio civil, derecho de negocios y derecho laboral. Michael ha litigado m\u00e1s de 70 casos en tribunales incluyendo, conflictos comerciales, conflictos de construcci\u00f3n, casos de defensa criminal, conflictos laborales, conflictos de [&hellip;]<\/p>\n","protected":false},"author":1,"featured_media":0,"parent":0,"menu_order":0,"comment_status":"closed","ping_status":"closed","template":"","meta":{"_et_pb_use_builder":"on","_et_pb_old_content":"","_et_gb_content_width":"","footnotes":""},"class_list":["post-518","page","type-page","status-publish","hentry"],"_links":{"self":[{"href":"https:\/\/www.danksmillercory.com\/abogados\/wp-json\/wp\/v2\/pages\/518","targetHints":{"allow":["GET"]}}],"collection":[{"href":"https:\/\/www.danksmillercory.com\/abogados\/wp-json\/wp\/v2\/pages"}],"about":[{"href":"https:\/\/www.danksmillercory.com\/abogados\/wp-json\/wp\/v2\/types\/page"}],"author":[{"embeddable":true,"href":"https:\/\/www.danksmillercory.com\/abogados\/wp-json\/wp\/v2\/users\/1"}],"replies":[{"embeddable":true,"href":"https:\/\/www.danksmillercory.com\/abogados\/wp-json\/wp\/v2\/comments?post=518"}],"version-history":[{"count":12,"href":"https:\/\/www.danksmillercory.com\/abogados\/wp-json\/wp\/v2\/pages\/518\/revisions"}],"predecessor-version":[{"id":2169,"href":"https:\/\/www.danksmillercory.com\/abogados\/wp-json\/wp\/v2\/pages\/518\/revisions\/2169"}],"wp:attachment":[{"href":"https:\/\/www.danksmillercory.com\/abogados\/wp-json\/wp\/v2\/media?parent=518"}],"curies":[{"name":"wp","href":"https:\/\/api.w.org\/{rel}","templated":true}]}}