{"id":45,"date":"2016-11-30T07:13:43","date_gmt":"2016-11-30T07:13:43","guid":{"rendered":"http:\/\/danksmillercory.com\/new\/?page_id=45"},"modified":"2024-01-04T18:37:10","modified_gmt":"2024-01-04T23:37:10","slug":"areas-de-trabajo","status":"publish","type":"page","link":"https:\/\/www.danksmillercory.com\/abogados\/areas-de-trabajo\/","title":{"rendered":"\u00c1reas de Trabajo"},"content":{"rendered":"<p>[et_pb_section fb_built=&#8221;1&#8243; _builder_version=&#8221;4.16&#8243; global_colors_info=&#8221;{}&#8221;][et_pb_row _builder_version=&#8221;4.16&#8243; background_size=&#8221;initial&#8221; background_position=&#8221;top_left&#8221; background_repeat=&#8221;repeat&#8221; global_colors_info=&#8221;{}&#8221;][et_pb_column type=&#8221;4_4&#8243; _builder_version=&#8221;4.16&#8243; custom_padding=&#8221;|||&#8221; global_colors_info=&#8221;{}&#8221; custom_padding__hover=&#8221;|||&#8221;][et_pb_text _builder_version=&#8221;4.16&#8243; background_size=&#8221;initial&#8221; background_position=&#8221;top_left&#8221; background_repeat=&#8221;repeat&#8221; global_colors_info=&#8221;{}&#8221;]Nuestro bufete tiene experiencia tratando con casos de:<\/p>\n<ul>\n<li>\u00a0<a href=\"https:\/\/www.danksmillercory.com\/abogados\/accidentes-y-heridas\/\">Accidentes Automovil\u00edsticos y Lesiones Personales<\/a><\/li>\n<li><a href=\"https:\/\/www.danksmillercory.com\/abogados\/casos-criminales\/\">Casos Criminales<\/a><\/li>\n<li><a href=\"https:\/\/www.danksmillercory.com\/abogados\/derecho-de-familia\/\">Derechos de Familia<\/a><\/li>\n<li><a href=\"https:\/\/www.danksmillercory.com\/abogados\/inmigracion\/\">Inmigraci\u00f3n<\/a><\/li>\n<li><a href=\"https:\/\/www.danksmillercory.com\/abogados\/negligencia-medica\/\">Negligencia M\u00e9dica<\/a><\/li>\n<\/ul>\n<p>[\/et_pb_text][\/et_pb_column][\/et_pb_row][\/et_pb_section]<\/p>\n","protected":false},"excerpt":{"rendered":"<p>Nuestro bufete tiene experiencia tratando con casos de: \u00a0Accidentes Automovil\u00edsticos y Lesiones Personales Casos Criminales Derechos de Familia Inmigraci\u00f3n Negligencia M\u00e9dica<\/p>\n","protected":false},"author":1,"featured_media":0,"parent":0,"menu_order":0,"comment_status":"closed","ping_status":"closed","template":"","meta":{"_et_pb_use_builder":"on","_et_pb_old_content":"<p>Nuestro bufete tiene experiencia tratando con casos de:<\/p><ul><li>\u00a0<a href=\"https:\/\/www.danksmillercory.com\/abogados\/accidentes-y-heridas\/\">Accidentes Automovil\u00edsticos y Lesiones Personales<\/a><\/li><li><a href=\"https:\/\/www.danksmillercory.com\/abogados\/casos-criminales\/\">Casos Criminales<\/a><\/li><li><a href=\"https:\/\/www.danksmillercory.com\/abogados\/derecho-de-familia\/\">Derechos de Familia<\/a><\/li><li><a href=\"https:\/\/www.danksmillercory.com\/abogados\/inmigracion\/\">Inmigraci\u00f3n<\/a><\/li><li><a href=\"https:\/\/www.danksmillercory.com\/abogados\/negligencia-medica\/\">Negligencia M\u00e9dica<\/a><\/li><\/ul>","_et_gb_content_width":"","footnotes":""},"class_list":["post-45","page","type-page","status-publish","hentry"],"_links":{"self":[{"href":"https:\/\/www.danksmillercory.com\/abogados\/wp-json\/wp\/v2\/pages\/45","targetHints":{"allow":["GET"]}}],"collection":[{"href":"https:\/\/www.danksmillercory.com\/abogados\/wp-json\/wp\/v2\/pages"}],"about":[{"href":"https:\/\/www.danksmillercory.com\/abogados\/wp-json\/wp\/v2\/types\/page"}],"author":[{"embeddable":true,"href":"https:\/\/www.danksmillercory.com\/abogados\/wp-json\/wp\/v2\/users\/1"}],"replies":[{"embeddable":true,"href":"https:\/\/www.danksmillercory.com\/abogados\/wp-json\/wp\/v2\/comments?post=45"}],"version-history":[{"count":29,"href":"https:\/\/www.danksmillercory.com\/abogados\/wp-json\/wp\/v2\/pages\/45\/revisions"}],"predecessor-version":[{"id":2134,"href":"https:\/\/www.danksmillercory.com\/abogados\/wp-json\/wp\/v2\/pages\/45\/revisions\/2134"}],"wp:attachment":[{"href":"https:\/\/www.danksmillercory.com\/abogados\/wp-json\/wp\/v2\/media?parent=45"}],"curies":[{"name":"wp","href":"https:\/\/api.w.org\/{rel}","templated":true}]}}