{"id":233,"date":"2016-12-20T12:12:38","date_gmt":"2016-12-20T12:12:38","guid":{"rendered":"http:\/\/danksmillercory.com\/new\/?page_id=233"},"modified":"2022-04-25T14:10:40","modified_gmt":"2022-04-25T19:10:40","slug":"inmigracion-basada-familia","status":"publish","type":"page","link":"https:\/\/www.danksmillercory.com\/abogados\/inmigracion\/inmigracion-basada-familia\/","title":{"rendered":"Inmigraci\u00f3n Basada en La Familia"},"content":{"rendered":"<p>[et_pb_section fb_built=&#8221;1&#8243; _builder_version=&#8221;4.17.1&#8243; hover_enabled=&#8221;0&#8243; global_colors_info=&#8221;{}&#8221; custom_margin=&#8221;0px||0px||false|false&#8221; custom_padding=&#8221;0px||0px||false|false&#8221; sticky_enabled=&#8221;0&#8243;][et_pb_row _builder_version=&#8221;4.17.1&#8243; background_size=&#8221;initial&#8221; background_position=&#8221;top_left&#8221; background_repeat=&#8221;repeat&#8221; custom_margin=&#8221;10px||10px||false|false&#8221; custom_padding=&#8221;0px||0px||false|false&#8221; hover_enabled=&#8221;0&#8243; global_colors_info=&#8221;{}&#8221; sticky_enabled=&#8221;0&#8243;][et_pb_column type=&#8221;4_4&#8243; _builder_version=&#8221;4.16&#8243; custom_padding=&#8221;|||&#8221; global_colors_info=&#8221;{}&#8221; custom_padding__hover=&#8221;|||&#8221;][et_pb_text admin_label=&#8221;Text&#8221; _builder_version=&#8221;4.16&#8243; background_size=&#8221;initial&#8221; background_position=&#8221;top_left&#8221; background_repeat=&#8221;repeat&#8221; global_colors_info=&#8221;{}&#8221;]<\/p>\n<h1 class=\"main_title\">INMIGRACI\u00d3N BASADA EN LA FAMILIA<\/h1>\n<p>&nbsp;<br \/>\n[\/et_pb_text][et_pb_text admin_label=&#8221;Text&#8221; _builder_version=&#8221;4.17.1&#8243; background_size=&#8221;initial&#8221; background_position=&#8221;top_left&#8221; background_repeat=&#8221;repeat&#8221; global_colors_info=&#8221;{}&#8221;]<\/p>\n<p><img loading=\"lazy\" decoding=\"async\" class=\"wp-image-4029 alignright\" src=\"https:\/\/www.danksmillercory.com\/abogados\/wp-content\/uploads\/2017\/01\/Emilia-adstatus.jpg\" sizes=\"(max-width: 225px) 100vw, 225px\" srcset=\"https:\/\/www.danksmillercory.com\/abogados\/wp-content\/uploads\/2017\/01\/Emilia-adstatus.jpg 150w, https:\/\/www.danksmillercory.com\/abogados\/wp-content\/uploads\/2017\/01\/Emilia-adstatus.jpg 300w, https:\/\/www.danksmillercory.com\/abogados\/wp-content\/uploads\/2017\/01\/Emilia-adstatus.jpg 400w\" alt=\"Emilia\" width=\"225\" height=\"225\" \/><\/p>\n<p>Nuestros abogados se reunir\u00e1n con usted para determinar su elegibilidad espec\u00edfica para pedir\u00a0familiares (o parientes futuros, como prometido(a) o un futuro menor para\u00a0adoptar) para inmigrar\u00a0a los Estados Unidos.<\/p>\n<h3>\u00bfPuedo Ayudar a un Familiar a Inmigrar?<\/h3>\n<p>Su estado migratorio determina qu\u00e9 familiares (o parientes futuros) podr\u00edan ser elegibles para recibir beneficios de inmigraci\u00f3n. Con el fin de ayudar a un miembro de la familia a inmigrar, usted debe ser:<\/p>\n<ol>\n<li>un Ciudadano Estadounidense;<\/li>\n<li>un Residente Permanente; o<\/li>\n<li>un refugiado o asilado calificado<\/li>\n<\/ol>\n<h3>\u00bfC\u00f3mo funciona el proceso?<\/h3>\n<p data-canvas-width=\"45.37499999999999\">Para ayudar a un pariente a convertirse en un residente permanente legal de los Estados Unidos mediante la obtenci\u00f3n de una &#8221; Green Card &#8220;, usted o alg\u00fan otro ciudadano o residente permanente tendr\u00e1 que poder patrocinar y ser capaz de demostrar que tiene suficientes ingresos o recursos para amparar a su pariente para\u00a0venir a los Estados Unidos.<\/p>\n<p>Le ayudaremos a iniciar el proceso reuni\u00e9ndonos\u00a0con usted para determinar si su pariente cumple con los requisitos de admisi\u00f3n. Despu\u00e9s, prepararemos y someteremos\u00a0el Formulario I-130, que es la Petici\u00f3n para un Pariente Extranjero. La presentaci\u00f3n de esta petici\u00f3n le da a su pariente\u00a0un lugar en l\u00ednea para recibir una visa de inmigrante. Cuando su pariente\u00a0es el siguiente\u00a0en la l\u00ednea de espera, \u00e9l o ella tendr\u00e1n\u00a0derecho a inmigrar despu\u00e9s de haber pasado por\u00a0los controles de antecedentes requeridos.<\/p>\n<p>Cuando pidan a un\u00a0familiar, se aplican las siguientes categor\u00edas de preferencia:<\/p>\n<ul>\n<li><strong>Primera Preferencia<\/strong>: Hijos e hijas adultos y solteros de ciudadanos estadounidenses. (Adulto significa mayor de 21 a\u00f1os)<\/li>\n<li><strong>Segunda\u00a0Preferencia (2A)<\/strong>: Esposos(as) de residentes permanentes, hijos o hijas solteros (menores de 21 a\u00f1os) de residentes permanentes.<\/li>\n<li><strong>Segunda\u00a0Preferencia (2B)<\/strong>:\u00a0 Unmarried adult sons and daughters of permanent residents<\/li>\n<li><strong>Tercera Preferencia<\/strong>: hijos e hijas casados (de cualquier edad) de ciudadanos de EE.UU.<\/li>\n<li><strong>Cuarta\u00a0Preferencia<\/strong>: Hermanos y hermanos de\u00a0ciudadanos adultos de EE.UU.<\/li>\n<\/ul>\n<p>En la mayor\u00eda de los casos, cuando su\u00a0pariente\u00a0alcance un lugar\u00a0en la l\u00ednea de espera, su esposo(a) e hijos(as) solteros menores de 21 a\u00f1os pueden aplicar por una visa de inmigrante.<\/p>\n<div id=\"main-body\" class=\"clearfix\">\n<h3>Consulte Con Nuestro Equipo<\/h3>\n<p>Para discutir como uno de nuestros abogados puede ayudarle con su caso de inmigraci\u00f3n,\u00a0<a title=\"CONTACT US\" href=\"https:\/\/www.danksmillercory.com\/abogados\/2017\/03\/07\/las-prioridades-de-deportacion-difunden-miedo\/\">cont\u00e1ctenos en l\u00ednea<\/a> o llame al\u00a0601-326-3000.<\/p>\n<\/div>\n<p>[\/et_pb_text][\/et_pb_column][\/et_pb_row][\/et_pb_section]<\/p>\n","protected":false},"excerpt":{"rendered":"<p>INMIGRACI\u00d3N BASADA EN LA FAMILIA &nbsp; Nuestros abogados se reunir\u00e1n con usted para determinar su elegibilidad espec\u00edfica para pedir\u00a0familiares (o parientes futuros, como prometido(a) o un futuro menor para\u00a0adoptar) para inmigrar\u00a0a los Estados Unidos. \u00bfPuedo Ayudar a un Familiar a Inmigrar? Su estado migratorio determina qu\u00e9 familiares (o parientes futuros) podr\u00edan ser elegibles para recibir [&hellip;]<\/p>\n","protected":false},"author":1,"featured_media":0,"parent":127,"menu_order":0,"comment_status":"closed","ping_status":"closed","template":"","meta":{"_et_pb_use_builder":"on","_et_pb_old_content":"","_et_gb_content_width":"","footnotes":""},"class_list":["post-233","page","type-page","status-publish","hentry"],"_links":{"self":[{"href":"https:\/\/www.danksmillercory.com\/abogados\/wp-json\/wp\/v2\/pages\/233","targetHints":{"allow":["GET"]}}],"collection":[{"href":"https:\/\/www.danksmillercory.com\/abogados\/wp-json\/wp\/v2\/pages"}],"about":[{"href":"https:\/\/www.danksmillercory.com\/abogados\/wp-json\/wp\/v2\/types\/page"}],"author":[{"embeddable":true,"href":"https:\/\/www.danksmillercory.com\/abogados\/wp-json\/wp\/v2\/users\/1"}],"replies":[{"embeddable":true,"href":"https:\/\/www.danksmillercory.com\/abogados\/wp-json\/wp\/v2\/comments?post=233"}],"version-history":[{"count":7,"href":"https:\/\/www.danksmillercory.com\/abogados\/wp-json\/wp\/v2\/pages\/233\/revisions"}],"predecessor-version":[{"id":1886,"href":"https:\/\/www.danksmillercory.com\/abogados\/wp-json\/wp\/v2\/pages\/233\/revisions\/1886"}],"up":[{"embeddable":true,"href":"https:\/\/www.danksmillercory.com\/abogados\/wp-json\/wp\/v2\/pages\/127"}],"wp:attachment":[{"href":"https:\/\/www.danksmillercory.com\/abogados\/wp-json\/wp\/v2\/media?parent=233"}],"curies":[{"name":"wp","href":"https:\/\/api.w.org\/{rel}","templated":true}]}}