{"id":229,"date":"2016-12-20T12:10:47","date_gmt":"2016-12-20T12:10:47","guid":{"rendered":"http:\/\/danksmillercory.com\/new\/?page_id=229"},"modified":"2022-04-25T14:08:18","modified_gmt":"2022-04-25T19:08:18","slug":"inmigracion-basada-empleo","status":"publish","type":"page","link":"https:\/\/www.danksmillercory.com\/abogados\/inmigracion\/inmigracion-basada-empleo\/","title":{"rendered":"Inmigraci\u00f3n Basada en el Empleo"},"content":{"rendered":"<p>[et_pb_section fb_built=&#8221;1&#8243; _builder_version=&#8221;4.17.1&#8243; custom_margin=&#8221;10px||10px||false|false&#8221; custom_padding=&#8221;0px||0px||false|false&#8221; global_colors_info=&#8221;{}&#8221;][et_pb_row _builder_version=&#8221;4.16&#8243; background_size=&#8221;initial&#8221; background_position=&#8221;top_left&#8221; background_repeat=&#8221;repeat&#8221; global_colors_info=&#8221;{}&#8221;][et_pb_column type=&#8221;4_4&#8243; _builder_version=&#8221;4.16&#8243; custom_padding=&#8221;|||&#8221; global_colors_info=&#8221;{}&#8221; custom_padding__hover=&#8221;|||&#8221;][et_pb_text admin_label=&#8221;Text&#8221; _builder_version=&#8221;4.16&#8243; background_size=&#8221;initial&#8221; background_position=&#8221;top_left&#8221; background_repeat=&#8221;repeat&#8221; hover_enabled=&#8221;0&#8243; global_colors_info=&#8221;{}&#8221; sticky_enabled=&#8221;0&#8243;]<\/p>\n<h1 class=\"main_title\">INMIGRACI\u00d3N BASADA EN EL EMPLEO<\/h1>\n<p>[\/et_pb_text][et_pb_text admin_label=&#8221;Text&#8221; _builder_version=&#8221;4.17.1&#8243; background_size=&#8221;initial&#8221; background_position=&#8221;top_left&#8221; background_repeat=&#8221;repeat&#8221; hover_enabled=&#8221;0&#8243; global_colors_info=&#8221;{}&#8221; sticky_enabled=&#8221;0&#8243;]<\/p>\n<h3><img loading=\"lazy\" decoding=\"async\" class=\" wp-image-4029 alignright\" src=\"https:\/\/www.danksmillercory.com\/abogados\/wp-content\/uploads\/2017\/01\/Emilia-adstatus.jpg\" sizes=\"(max-width: 243px) 100vw, 243px\" srcset=\"https:\/\/www.danksmillercory.com\/abogados\/wp-content\/uploads\/2017\/01\/Emilia-adstatus.jpg 150w, https:\/\/www.danksmillercory.com\/abogados\/wp-content\/uploads\/2017\/01\/Emilia-adstatus.jpg 300w, https:\/\/www.danksmillercory.com\/abogados\/wp-content\/uploads\/2017\/01\/Emilia-adstatus.jpg 400w\" alt=\"Emilia\" width=\"243\" height=\"243\" \/>En General<\/h3>\n<p>Existen aproximadamente 140,000 visas de trabajo que se adjudican cada a\u00f1o fiscal (Octubre 1ero \u2013 Septiembre\u00a030t).\u00a0Usted puede presentar una solicitud para tratar de obtener una de estas visas limitadas de trabajo\u00a0si usted califica bajo una de las cinco categor\u00edas de preferencia. Siga este enlace para obtener m\u00e1s informaci\u00f3n sobre estas <u><\/u> <a href=\"https:\/\/www.danksmillercory.com\/abogados\/2017\/03\/17\/las-politicas-sensibles-de-inmigracion-un-punto-medio\/\">cinco categor\u00edas preferentes<\/a>.<\/p>\n<p>Para obtener una de estas visas, su futuro empleador debe estar dispuesto a ayudarle. Adem\u00e1s usted\u00a0debe de ser elegible.\u00a0Nuestros abogados\u00a0trabajaran con usted, para asegurarse que (1) su solicitud este correcta; (2) su archivo este completo; y (3) todos los documentos requeridos est\u00e9n incluidos.<\/p>\n<h3>Fecha de Prioridad<\/h3>\n<p>Las visas de inmigrante basadas en empleo se emiten en el orden en que las solicitudes son presentadas hasta alcanzar el l\u00edmite anual. La fecha en que se presente su solicitud ser\u00e1\u00a0la fecha de prioridad del solicitante. Puede haber un per\u00edodo de espera de varios a\u00f1os antes de que llegue su fecha de prioridad.<\/p>\n<h3>La Entrevista para\u00a0la Visa<\/h3>\n<p>Una entrevista ser\u00e1 programada en su\u00a0embajada o consulado de los EE.UU. \u00a0La entrevista ser\u00e1 conducida por un oficial consular. Nuestros abogados le notificar\u00e1n la fecha y la hora de su\u00a0entrevista y se asegurar\u00e1n que usted est\u00e9 preparado para todas las preguntas.<\/p>\n<h3>El Examen M\u00e9dico<\/h3>\n<p>Antes de su entrevista, usted tendr\u00e1 que completar un examen m\u00e9dico y obtener cualquier vacuna requerida, de ser necesario. Le asistiremos en conseguir una cita con un m\u00e9dico calificado.<\/p>\n<h3>\u00bfCu\u00e1nto tiempo Tarda?<\/h3>\n<p>En general, los casos de visas de inmigrante basadas en empleo requieren m\u00e1s tiempo debido a los n\u00fameros y categor\u00edas limitadas. El tiempo de demora varia\u00a0de un caso a otro y es dif\u00edcil de predecir con exactitud. Algunas solicitudes de visa requieren un proceso administrativo m\u00e1s complejo, lo cual conlleva tiempo adicional despu\u00e9s que el funcionario consular haya entrevistado al solicitante.<\/p>\n<h3>\u00bfQu\u00e9 sobre los Miembros de mi Familia?<\/h3>\n<p>De acuerdo a\u00a0su\u00a0petici\u00f3n aprobada, su esposo(a) e hijo(a)s soltero(a)s, menores de 21 a\u00f1os, tambi\u00e9n pueden solicitar visas de inmigrantes como dependientes de usted. C\u00f3nyuges del mismo sexo de ciudadanos estadounidenses y residentes permanentes (LPR), junto con sus hijos menores de edad, ahora son elegibles para los mismos beneficios de inmigraci\u00f3n. Los funcionarios consulares de las embajadas y consulados de Estados Unidos adjudicaran\u00a0las solicitudes para la emisi\u00f3n de las visas tras la recepci\u00f3n de una petici\u00f3n I-130 o I-140 aprobada por Servicios de Ciudadan\u00eda e Inmigraci\u00f3n.<\/p>\n<h3>Honorarios<\/h3>\n<p>Adem\u00e1s de los honorarios al abogado, el proceso de solicitud implica distintos cargos del gobierno. Estas tarifas no son reembolsables. Le informaremos de todas las cuotas requeridas con anticipaci\u00f3n y de ser necesario podemos hacer\u00a0un plan de pagos.<\/p>\n<h3>Consulte con Nuestro Equipo<\/h3>\n<p>Para discutir como uno de nuestros abogados puede ayudarle con su caso de inmigraci\u00f3n,\u00a0<a title=\"CONTACT US\" href=\"https:\/\/www.danksmillercory.com\/abogados\/contact-us\/\">cont\u00e1ctenos en l\u00ednea<\/a> o llame al\u00a0601-326-3000.<\/p>\n<p>[\/et_pb_text][\/et_pb_column][\/et_pb_row][\/et_pb_section]<\/p>\n","protected":false},"excerpt":{"rendered":"<p>INMIGRACI\u00d3N BASADA EN EL EMPLEO En General Existen aproximadamente 140,000 visas de trabajo que se adjudican cada a\u00f1o fiscal (Octubre 1ero \u2013 Septiembre\u00a030t).\u00a0Usted puede presentar una solicitud para tratar de obtener una de estas visas limitadas de trabajo\u00a0si usted califica bajo una de las cinco categor\u00edas de preferencia. Siga este enlace para obtener m\u00e1s informaci\u00f3n [&hellip;]<\/p>\n","protected":false},"author":1,"featured_media":0,"parent":127,"menu_order":0,"comment_status":"closed","ping_status":"closed","template":"","meta":{"_et_pb_use_builder":"on","_et_pb_old_content":"","_et_gb_content_width":"","footnotes":""},"class_list":["post-229","page","type-page","status-publish","hentry"],"_links":{"self":[{"href":"https:\/\/www.danksmillercory.com\/abogados\/wp-json\/wp\/v2\/pages\/229","targetHints":{"allow":["GET"]}}],"collection":[{"href":"https:\/\/www.danksmillercory.com\/abogados\/wp-json\/wp\/v2\/pages"}],"about":[{"href":"https:\/\/www.danksmillercory.com\/abogados\/wp-json\/wp\/v2\/types\/page"}],"author":[{"embeddable":true,"href":"https:\/\/www.danksmillercory.com\/abogados\/wp-json\/wp\/v2\/users\/1"}],"replies":[{"embeddable":true,"href":"https:\/\/www.danksmillercory.com\/abogados\/wp-json\/wp\/v2\/comments?post=229"}],"version-history":[{"count":12,"href":"https:\/\/www.danksmillercory.com\/abogados\/wp-json\/wp\/v2\/pages\/229\/revisions"}],"predecessor-version":[{"id":1884,"href":"https:\/\/www.danksmillercory.com\/abogados\/wp-json\/wp\/v2\/pages\/229\/revisions\/1884"}],"up":[{"embeddable":true,"href":"https:\/\/www.danksmillercory.com\/abogados\/wp-json\/wp\/v2\/pages\/127"}],"wp:attachment":[{"href":"https:\/\/www.danksmillercory.com\/abogados\/wp-json\/wp\/v2\/media?parent=229"}],"curies":[{"name":"wp","href":"https:\/\/api.w.org\/{rel}","templated":true}]}}