{"id":2046,"date":"2022-05-20T16:05:23","date_gmt":"2022-05-20T21:05:23","guid":{"rendered":"https:\/\/www.danksmillercory.com\/abogados\/?page_id=2046"},"modified":"2022-05-20T16:06:22","modified_gmt":"2022-05-20T21:06:22","slug":"ciudadania","status":"publish","type":"page","link":"https:\/\/www.danksmillercory.com\/abogados\/inmigracion\/ciudadania\/","title":{"rendered":"Ciudadania"},"content":{"rendered":"<p>[et_pb_section fb_built=&#8221;1&#8243; _builder_version=&#8221;4.17.4&#8243; _module_preset=&#8221;default&#8221; global_colors_info=&#8221;{}&#8221;][et_pb_row _builder_version=&#8221;4.17.4&#8243; _module_preset=&#8221;default&#8221; global_colors_info=&#8221;{}&#8221;][et_pb_column type=&#8221;4_4&#8243; _builder_version=&#8221;4.17.4&#8243; _module_preset=&#8221;default&#8221; global_colors_info=&#8221;{}&#8221;][et_pb_text _builder_version=&#8221;4.17.4&#8243; _module_preset=&#8221;default&#8221; text_font=&#8221;Georgia||||||||&#8221; inline_fonts=&#8221;Georgia&#8221; global_colors_info=&#8221;{}&#8221;]<\/p>\n<h1>CIUDADAN\u00cdA<\/h1>\n<p>&nbsp;<\/p>\n<p><span style=\"font-family: Georgia; font-weight: normal; color: #000000;\">\u00a0<\/span><span style=\"font-family: Georgia; font-weight: normal; font-size: large; color: #000000;\">Una persona que haya nacido en los Estados Unidos o en un territorio de los Estados Unidos es ciudadano de los Estados Unidos. Sin embargo, puede haber personas que hayan adquirido la ciudadan\u00eda a trav\u00e9s de sus padres. Si naci\u00f3 en el extranjero y sus padres son ciudadanos de los Estados Unidos o si sus padres se convirtieron en ciudadanos de los Estados Unidos cuando usted era menor de edad, es posible que ya sea ciudadano de los Estados Unidos, pero requiere prueba de ciudadan\u00eda. La adquisici\u00f3n de la ciudadan\u00eda puede volverse compleja, por lo que es importante que hable con un abogado de inmigraci\u00f3n antes de presentar cualquier solicitud con inmigraci\u00f3n.<\/span><\/p>\n<p><span style=\"font-family: Georgia; font-weight: normal; font-size: large; color: #000000;\">Si desea agendar una consulta para ver si es ciudadano, ll\u00e1menos al 601.326.3000<\/span><\/p>\n<p>[\/et_pb_text][\/et_pb_column][\/et_pb_row][\/et_pb_section]<\/p>\n","protected":false},"excerpt":{"rendered":"<p>CIUDADAN\u00cdA &nbsp; \u00a0Una persona que haya nacido en los Estados Unidos o en un territorio de los Estados Unidos es ciudadano de los Estados Unidos. Sin embargo, puede haber personas que hayan adquirido la ciudadan\u00eda a trav\u00e9s de sus padres. Si naci\u00f3 en el extranjero y sus padres son ciudadanos de los Estados Unidos o [&hellip;]<\/p>\n","protected":false},"author":4,"featured_media":0,"parent":127,"menu_order":0,"comment_status":"closed","ping_status":"closed","template":"","meta":{"_et_pb_use_builder":"on","_et_pb_old_content":"","_et_gb_content_width":"","footnotes":""},"class_list":["post-2046","page","type-page","status-publish","hentry"],"_links":{"self":[{"href":"https:\/\/www.danksmillercory.com\/abogados\/wp-json\/wp\/v2\/pages\/2046","targetHints":{"allow":["GET"]}}],"collection":[{"href":"https:\/\/www.danksmillercory.com\/abogados\/wp-json\/wp\/v2\/pages"}],"about":[{"href":"https:\/\/www.danksmillercory.com\/abogados\/wp-json\/wp\/v2\/types\/page"}],"author":[{"embeddable":true,"href":"https:\/\/www.danksmillercory.com\/abogados\/wp-json\/wp\/v2\/users\/4"}],"replies":[{"embeddable":true,"href":"https:\/\/www.danksmillercory.com\/abogados\/wp-json\/wp\/v2\/comments?post=2046"}],"version-history":[{"count":4,"href":"https:\/\/www.danksmillercory.com\/abogados\/wp-json\/wp\/v2\/pages\/2046\/revisions"}],"predecessor-version":[{"id":2051,"href":"https:\/\/www.danksmillercory.com\/abogados\/wp-json\/wp\/v2\/pages\/2046\/revisions\/2051"}],"up":[{"embeddable":true,"href":"https:\/\/www.danksmillercory.com\/abogados\/wp-json\/wp\/v2\/pages\/127"}],"wp:attachment":[{"href":"https:\/\/www.danksmillercory.com\/abogados\/wp-json\/wp\/v2\/media?parent=2046"}],"curies":[{"name":"wp","href":"https:\/\/api.w.org\/{rel}","templated":true}]}}