{"id":2038,"date":"2022-05-20T15:01:11","date_gmt":"2022-05-20T20:01:11","guid":{"rendered":"https:\/\/www.danksmillercory.com\/abogados\/?page_id=2038"},"modified":"2022-05-20T15:04:13","modified_gmt":"2022-05-20T20:04:13","slug":"naturalizacion","status":"publish","type":"page","link":"https:\/\/www.danksmillercory.com\/abogados\/inmigracion\/naturalizacion\/","title":{"rendered":"Naturalizacion"},"content":{"rendered":"<p>[et_pb_section fb_built=&#8221;1&#8243; _builder_version=&#8221;4.17.4&#8243; _module_preset=&#8221;default&#8221; global_colors_info=&#8221;{}&#8221;][et_pb_row _builder_version=&#8221;4.17.4&#8243; _module_preset=&#8221;default&#8221; global_colors_info=&#8221;{}&#8221;][et_pb_column type=&#8221;4_4&#8243; _builder_version=&#8221;4.17.4&#8243; _module_preset=&#8221;default&#8221; global_colors_info=&#8221;{}&#8221;][et_pb_text _builder_version=&#8221;4.17.4&#8243; _module_preset=&#8221;default&#8221; text_font=&#8221;Georgia||||||||&#8221; inline_fonts=&#8221;Georgia&#8221; global_colors_info=&#8221;{}&#8221;]<\/p>\n<h1><span style=\"font-family: Georgia; font-weight: normal;\">NATURALIZACI\u00d3N<\/span><\/h1>\n<p><span style=\"font-family: Georgia; font-weight: normal;\"><\/span><\/p>\n<p><span style=\"font-family: Georgia; font-weight: normal; color: #000000;\">\u00a0<span style=\"font-size: large;\">Si ha sido residente permanente legal de los Estados Unidos durante un n\u00famero espec\u00edfico de a\u00f1os, puede ser elegible para convertirse en ciudadano de los Estados Unidos. Sin embargo, si tiene antecedentes penales o si ha vivido fuera de los Estados Unidos durante un per\u00edodo prolongado, es posible que no sea elegible para naturalizarse y convertirse en ciudadano de los Estados Unidos. Por estas razones, es muy importante consultar con un abogado de inmigraci\u00f3n antes de presentar su petici\u00f3n para convertirse en ciudadano de los Estados Unidos.\u00a0<\/span><\/span><\/p>\n<p><span style=\"font-family: Georgia; font-weight: normal; font-size: large; color: #000000;\">Si desea una consulta para determinar si es elegible para naturalizarse, ll\u00e1menos al 601.326.3000<\/span><\/p>\n<p>[\/et_pb_text][\/et_pb_column][\/et_pb_row][\/et_pb_section]<\/p>\n","protected":false},"excerpt":{"rendered":"<p>NATURALIZACI\u00d3N \u00a0Si ha sido residente permanente legal de los Estados Unidos durante un n\u00famero espec\u00edfico de a\u00f1os, puede ser elegible para convertirse en ciudadano de los Estados Unidos. Sin embargo, si tiene antecedentes penales o si ha vivido fuera de los Estados Unidos durante un per\u00edodo prolongado, es posible que no sea elegible para naturalizarse [&hellip;]<\/p>\n","protected":false},"author":4,"featured_media":0,"parent":127,"menu_order":0,"comment_status":"closed","ping_status":"closed","template":"","meta":{"_et_pb_use_builder":"on","_et_pb_old_content":"<h1>NATURALIZACI\u00d3N<\/h1><p>Si ha sido residente permanente legal de los Estados Unidos durante un n\u00famero espec\u00edfico de a\u00f1os, puede ser elegible para convertirse en ciudadano de los Estados Unidos. Sin embargo, si tiene antecedentes penales o si ha vivido fuera de los Estados Unidos durante un per\u00edodo prolongado, es posible que no sea elegible para naturalizarse y convertirse en ciudadano de los Estados Unidos. Por estas razones, es muy importante consultar con un abogado de inmigraci\u00f3n antes de presentar su petici\u00f3n para convertirse en ciudadano de los Estados Unidos.<\/p><p>Si desea una consulta para determinar si es elegible para naturalizarse, ll\u00e1menos al 601.326.3000<\/p>","_et_gb_content_width":"","footnotes":""},"class_list":["post-2038","page","type-page","status-publish","hentry"],"_links":{"self":[{"href":"https:\/\/www.danksmillercory.com\/abogados\/wp-json\/wp\/v2\/pages\/2038","targetHints":{"allow":["GET"]}}],"collection":[{"href":"https:\/\/www.danksmillercory.com\/abogados\/wp-json\/wp\/v2\/pages"}],"about":[{"href":"https:\/\/www.danksmillercory.com\/abogados\/wp-json\/wp\/v2\/types\/page"}],"author":[{"embeddable":true,"href":"https:\/\/www.danksmillercory.com\/abogados\/wp-json\/wp\/v2\/users\/4"}],"replies":[{"embeddable":true,"href":"https:\/\/www.danksmillercory.com\/abogados\/wp-json\/wp\/v2\/comments?post=2038"}],"version-history":[{"count":5,"href":"https:\/\/www.danksmillercory.com\/abogados\/wp-json\/wp\/v2\/pages\/2038\/revisions"}],"predecessor-version":[{"id":2045,"href":"https:\/\/www.danksmillercory.com\/abogados\/wp-json\/wp\/v2\/pages\/2038\/revisions\/2045"}],"up":[{"embeddable":true,"href":"https:\/\/www.danksmillercory.com\/abogados\/wp-json\/wp\/v2\/pages\/127"}],"wp:attachment":[{"href":"https:\/\/www.danksmillercory.com\/abogados\/wp-json\/wp\/v2\/media?parent=2038"}],"curies":[{"name":"wp","href":"https:\/\/api.w.org\/{rel}","templated":true}]}}