{"id":1996,"date":"2022-05-20T11:41:44","date_gmt":"2022-05-20T16:41:44","guid":{"rendered":"https:\/\/www.danksmillercory.com\/abogados\/?page_id=1996"},"modified":"2022-05-20T13:36:33","modified_gmt":"2022-05-20T18:36:33","slug":"asilo-afirmativo","status":"publish","type":"page","link":"https:\/\/www.danksmillercory.com\/abogados\/inmigracion\/asilo-afirmativo\/","title":{"rendered":"Asilo Afirmativo"},"content":{"rendered":"<p>[et_pb_section fb_built=&#8221;1&#8243; _builder_version=&#8221;4.16&#8243; global_colors_info=&#8221;{}&#8221;][et_pb_row _builder_version=&#8221;4.16&#8243; background_size=&#8221;initial&#8221; background_position=&#8221;top_left&#8221; background_repeat=&#8221;repeat&#8221; global_colors_info=&#8221;{}&#8221;][et_pb_column type=&#8221;4_4&#8243; _builder_version=&#8221;4.16&#8243; custom_padding=&#8221;|||&#8221; global_colors_info=&#8221;{}&#8221; custom_padding__hover=&#8221;|||&#8221;][et_pb_text _builder_version=&#8221;4.17.1&#8243; text_font=&#8221;Georgia||||||||&#8221; text_text_color=&#8221;#000000&#8243; text_font_size=&#8221;20px&#8221; header_font=&#8221;Georgia||||||||&#8221; background_size=&#8221;initial&#8221; background_position=&#8221;top_left&#8221; background_repeat=&#8221;repeat&#8221; global_colors_info=&#8221;{}&#8221;]<\/p>\n<pre class=\"tw-data-text tw-text-large tw-ta\" data-placeholder=\"Translation\" id=\"tw-target-text\" dir=\"ltr\"><span style=\"color: #333333; font-family: Georgia, Georgia, 'Times New Roman', serif; font-size: 30px;\">ASILO AFIRMATIVO<\/span><\/pre>\n<p><span class=\"Y2IQFc\" lang=\"es\">Si huy\u00f3 de su pa\u00eds de origen debido a la persecuci\u00f3n y lleg\u00f3 a los Estados Unidos dentro de un a\u00f1o, puede ser elegible para solicitar asilo con inmigraci\u00f3n. No todos los casos califican para asilo, por lo que es importante hablar con un abogado de inmigraci\u00f3n para determinar si es elegible para solicitar asilo.<\/span><\/p>\n<p><span class=\"Y2IQFc\" lang=\"es\">Si desea agendar una consulta con uno de nuestros abogados de inmigraci\u00f3n, ll\u00e1menos al 601.326.3000.<\/span><\/p>\n<p>[\/et_pb_text][\/et_pb_column][\/et_pb_row][\/et_pb_section]<\/p>\n","protected":false},"excerpt":{"rendered":"<p>ASILO AFIRMATIVO Si huy\u00f3 de su pa\u00eds de origen debido a la persecuci\u00f3n y lleg\u00f3 a los Estados Unidos dentro de un a\u00f1o, puede ser elegible para solicitar asilo con inmigraci\u00f3n. No todos los casos califican para asilo, por lo que es importante hablar con un abogado de inmigraci\u00f3n para determinar si es elegible para [&hellip;]<\/p>\n","protected":false},"author":4,"featured_media":0,"parent":127,"menu_order":0,"comment_status":"closed","ping_status":"closed","template":"","meta":{"_et_pb_use_builder":"on","_et_pb_old_content":"","_et_gb_content_width":"","footnotes":""},"class_list":["post-1996","page","type-page","status-publish","hentry"],"_links":{"self":[{"href":"https:\/\/www.danksmillercory.com\/abogados\/wp-json\/wp\/v2\/pages\/1996","targetHints":{"allow":["GET"]}}],"collection":[{"href":"https:\/\/www.danksmillercory.com\/abogados\/wp-json\/wp\/v2\/pages"}],"about":[{"href":"https:\/\/www.danksmillercory.com\/abogados\/wp-json\/wp\/v2\/types\/page"}],"author":[{"embeddable":true,"href":"https:\/\/www.danksmillercory.com\/abogados\/wp-json\/wp\/v2\/users\/4"}],"replies":[{"embeddable":true,"href":"https:\/\/www.danksmillercory.com\/abogados\/wp-json\/wp\/v2\/comments?post=1996"}],"version-history":[{"count":6,"href":"https:\/\/www.danksmillercory.com\/abogados\/wp-json\/wp\/v2\/pages\/1996\/revisions"}],"predecessor-version":[{"id":2011,"href":"https:\/\/www.danksmillercory.com\/abogados\/wp-json\/wp\/v2\/pages\/1996\/revisions\/2011"}],"up":[{"embeddable":true,"href":"https:\/\/www.danksmillercory.com\/abogados\/wp-json\/wp\/v2\/pages\/127"}],"wp:attachment":[{"href":"https:\/\/www.danksmillercory.com\/abogados\/wp-json\/wp\/v2\/media?parent=1996"}],"curies":[{"name":"wp","href":"https:\/\/api.w.org\/{rel}","templated":true}]}}