{"id":1785,"date":"2022-04-05T17:34:08","date_gmt":"2022-04-05T22:34:08","guid":{"rendered":"http:\/\/www.danksmillercory.com\/abogados\/?page_id=1785"},"modified":"2022-05-09T16:46:10","modified_gmt":"2022-05-09T21:46:10","slug":"visa-u","status":"publish","type":"page","link":"https:\/\/www.danksmillercory.com\/abogados\/inmigracion\/visa-u\/","title":{"rendered":"Visa U"},"content":{"rendered":"<p>[et_pb_section fb_built=&#8221;1&#8243; _builder_version=&#8221;4.16&#8243; global_colors_info=&#8221;{}&#8221;][et_pb_row _builder_version=&#8221;4.16&#8243; background_size=&#8221;initial&#8221; background_position=&#8221;top_left&#8221; background_repeat=&#8221;repeat&#8221; global_colors_info=&#8221;{}&#8221;][et_pb_column type=&#8221;4_4&#8243; _builder_version=&#8221;4.16&#8243; custom_padding=&#8221;|||&#8221; global_colors_info=&#8221;{}&#8221; custom_padding__hover=&#8221;|||&#8221;][et_pb_text _builder_version=&#8221;4.17.1&#8243; text_font=&#8221;Georgia||||||||&#8221; background_size=&#8221;initial&#8221; background_position=&#8221;top_left&#8221; background_repeat=&#8221;repeat&#8221; hover_enabled=&#8221;0&#8243; global_colors_info=&#8221;{}&#8221; header_font=&#8221;Georgia||||||||&#8221; sticky_enabled=&#8221;0&#8243; text_text_color=&#8221;#000000&#8243; text_font_size=&#8221;20px&#8221;]<\/p>\n<h1>Visa U<\/h1>\n<p>&nbsp;<\/p>\n<p>Si ha estado <span class=\"Y2IQFc\" lang=\"es\">viviendo en los Estados Unidos y es v\u00edctima de un delito, <\/span><span class=\"Y2IQFc\" lang=\"es\">puede ser elegible para una visa U.\u00a0<\/span><span class=\"Y2IQFc\" lang=\"es\">Sin embargo, antes de solicitar una visa U,\u00a0<\/span><span class=\"Y2IQFc\" lang=\"es\">debe denunciar el delito con la polic\u00eda. <\/span><span class=\"Y2IQFc\" lang=\"es\">Tambi\u00e9n est\u00e1 obligado a ayudar a la polic\u00eda si lo llaman\u00a0<\/span><span class=\"Y2IQFc\" lang=\"es\">para hacerlo. <\/span><span class=\"Y2IQFc\" lang=\"es\">Tambi\u00e9n es importante comprender que solo se otorga una cantidad limitada de visas por a\u00f1o, <\/span><span class=\"Y2IQFc\" lang=\"es\">por lo que cuanto m\u00e1s r\u00e1pido solicite una visa U, m\u00e1s r\u00e1pido inmigraci\u00f3n podr\u00e1 analizar su caso.\u00a0<\/span><span class=\"Y2IQFc\" lang=\"es\">Por supuesto, hay muchos otros factores a considerar al solicitar una visa U, por esa raz\u00f3n es importante que vea a un abogado antes de solicitar cualquier beneficio de inmigraci\u00f3n.\u00a0<\/span><\/p>\n<p><span class=\"Y2IQFc\" lang=\"es\">Si desea programar una cita con nosotros, ll\u00e1menos al 601.326.3000.<\/span><\/p>\n<p>[\/et_pb_text][\/et_pb_column][\/et_pb_row][\/et_pb_section]<\/p>\n","protected":false},"excerpt":{"rendered":"<p>Visa U &nbsp; Si ha estado viviendo en los Estados Unidos y es v\u00edctima de un delito, puede ser elegible para una visa U.\u00a0Sin embargo, antes de solicitar una visa U,\u00a0debe denunciar el delito con la polic\u00eda. Tambi\u00e9n est\u00e1 obligado a ayudar a la polic\u00eda si lo llaman\u00a0para hacerlo. Tambi\u00e9n es importante comprender que solo [&hellip;]<\/p>\n","protected":false},"author":4,"featured_media":0,"parent":127,"menu_order":0,"comment_status":"closed","ping_status":"closed","template":"","meta":{"_et_pb_use_builder":"on","_et_pb_old_content":"<pre id=\"tw-target-text\" class=\"tw-data-text tw-text-large tw-ta\" dir=\"ltr\" data-placeholder=\"Translation\"><span class=\"Y2IQFc\" lang=\"es\">Si ha estado viviendo en los Estados Unidos y es v\u00edctima de un delito, puede ser elegible para una visa U. Sin embargo, antes de solicitar una visa U, debe denunciar el delito a la polic\u00eda. Tambi\u00e9n est\u00e1 obligado a ayudar a la polic\u00eda si lo llaman. Tambi\u00e9n es importante comprender que solo se otorga una cantidad limitada de visas por a\u00f1o, por lo que cuanto m\u00e1s r\u00e1pido solicite una visa U, m\u00e1s r\u00e1pido inmigraci\u00f3n podr\u00e1 analizar su caso. Por supuesto, hay muchos otros factores a considerar al solicitar una visa U, por esa raz\u00f3n es importante que vea a un abogado antes de solicitar cualquier beneficio de inmigraci\u00f3n. Si desea programar una cita con nosotros, ll\u00e1menos al 601.326.3000.<\/span><\/pre>","_et_gb_content_width":"","footnotes":""},"class_list":["post-1785","page","type-page","status-publish","hentry"],"_links":{"self":[{"href":"https:\/\/www.danksmillercory.com\/abogados\/wp-json\/wp\/v2\/pages\/1785","targetHints":{"allow":["GET"]}}],"collection":[{"href":"https:\/\/www.danksmillercory.com\/abogados\/wp-json\/wp\/v2\/pages"}],"about":[{"href":"https:\/\/www.danksmillercory.com\/abogados\/wp-json\/wp\/v2\/types\/page"}],"author":[{"embeddable":true,"href":"https:\/\/www.danksmillercory.com\/abogados\/wp-json\/wp\/v2\/users\/4"}],"replies":[{"embeddable":true,"href":"https:\/\/www.danksmillercory.com\/abogados\/wp-json\/wp\/v2\/comments?post=1785"}],"version-history":[{"count":4,"href":"https:\/\/www.danksmillercory.com\/abogados\/wp-json\/wp\/v2\/pages\/1785\/revisions"}],"predecessor-version":[{"id":1942,"href":"https:\/\/www.danksmillercory.com\/abogados\/wp-json\/wp\/v2\/pages\/1785\/revisions\/1942"}],"up":[{"embeddable":true,"href":"https:\/\/www.danksmillercory.com\/abogados\/wp-json\/wp\/v2\/pages\/127"}],"wp:attachment":[{"href":"https:\/\/www.danksmillercory.com\/abogados\/wp-json\/wp\/v2\/media?parent=1785"}],"curies":[{"name":"wp","href":"https:\/\/api.w.org\/{rel}","templated":true}]}}