{"id":1781,"date":"2022-04-05T17:32:00","date_gmt":"2022-04-05T22:32:00","guid":{"rendered":"http:\/\/www.danksmillercory.com\/abogados\/?page_id=1781"},"modified":"2022-05-09T16:57:57","modified_gmt":"2022-05-09T21:57:57","slug":"visa-k","status":"publish","type":"page","link":"https:\/\/www.danksmillercory.com\/abogados\/inmigracion\/visa-k\/","title":{"rendered":"Visa K"},"content":{"rendered":"<p>[et_pb_section fb_built=&#8221;1&#8243; _builder_version=&#8221;4.16&#8243; global_colors_info=&#8221;{}&#8221;][et_pb_row _builder_version=&#8221;4.16&#8243; background_size=&#8221;initial&#8221; background_position=&#8221;top_left&#8221; background_repeat=&#8221;repeat&#8221; global_colors_info=&#8221;{}&#8221;][et_pb_column type=&#8221;4_4&#8243; _builder_version=&#8221;4.16&#8243; custom_padding=&#8221;|||&#8221; global_colors_info=&#8221;{}&#8221; custom_padding__hover=&#8221;|||&#8221;][et_pb_text _builder_version=&#8221;4.17.1&#8243; text_font=&#8221;Georgia||||||||&#8221; text_text_color=&#8221;#000000&#8243; text_font_size=&#8221;20px&#8221; header_font=&#8221;Georgia||||||||&#8221; background_size=&#8221;initial&#8221; background_position=&#8221;top_left&#8221; background_repeat=&#8221;repeat&#8221; global_colors_info=&#8221;{}&#8221;]<\/p>\n<h1>Visa K<\/h1>\n<p>&nbsp;<\/p>\n<p>La Visa K o visa de prometido como se conoce\u00a0<span class=\"Y2IQFc\" lang=\"es\">m\u00e1s com\u00fanmente es una <\/span><span class=\"Y2IQFc\" lang=\"es\">petici\u00f3n de inmigraci\u00f3n <\/span><span class=\"Y2IQFc\" lang=\"es\">disponible solo para ciudadanos de los Estados Unidos. <\/span><span class=\"Y2IQFc\" lang=\"es\">Por lo general, ha sido un proceso m\u00e1s r\u00e1pido\u00a0<\/span><span class=\"Y2IQFc\" lang=\"es\">para llevar a su ser querido a los Estados Unidos. La Visa K <\/span><span class=\"Y2IQFc\" lang=\"es\">es un proceso de dos pasos, y hay varios\u00a0<\/span><span class=\"Y2IQFc\" lang=\"es\">requisitos que ambos deben cumplir para ser\u00a0<\/span><span class=\"Y2IQFc\" lang=\"es\">elegibles para la K Visa. Si se su<\/span><span class=\"Y2IQFc\" lang=\"es\"> petici\u00f3n no es aprobado usted <\/span><span class=\"Y2IQFc\" lang=\"es\">no ser\u00e1 elegible para solicitar otra visa K por dos a\u00f1os. P<\/span><span class=\"Y2IQFc\" lang=\"es\">or esa raz\u00f3n es importante que vea a un abogado antes de solicitar cualquier beneficio de inmigraci\u00f3n.\u00a0<\/span><\/p>\n<p><span class=\"Y2IQFc\" lang=\"es\">Si desea programar una cita con nosotros, ll\u00e1menos al 601.326.3000.<\/span><\/p>\n<p>[\/et_pb_text][\/et_pb_column][\/et_pb_row][\/et_pb_section]<\/p>\n","protected":false},"excerpt":{"rendered":"<p>Visa K &nbsp; La Visa K o visa de prometido como se conoce\u00a0m\u00e1s com\u00fanmente es una petici\u00f3n de inmigraci\u00f3n disponible solo para ciudadanos de los Estados Unidos. Por lo general, ha sido un proceso m\u00e1s r\u00e1pido\u00a0para llevar a su ser querido a los Estados Unidos. La Visa K es un proceso de dos pasos, y [&hellip;]<\/p>\n","protected":false},"author":4,"featured_media":0,"parent":127,"menu_order":0,"comment_status":"closed","ping_status":"closed","template":"","meta":{"_et_pb_use_builder":"on","_et_pb_old_content":"","_et_gb_content_width":"","footnotes":""},"class_list":["post-1781","page","type-page","status-publish","hentry"],"_links":{"self":[{"href":"https:\/\/www.danksmillercory.com\/abogados\/wp-json\/wp\/v2\/pages\/1781","targetHints":{"allow":["GET"]}}],"collection":[{"href":"https:\/\/www.danksmillercory.com\/abogados\/wp-json\/wp\/v2\/pages"}],"about":[{"href":"https:\/\/www.danksmillercory.com\/abogados\/wp-json\/wp\/v2\/types\/page"}],"author":[{"embeddable":true,"href":"https:\/\/www.danksmillercory.com\/abogados\/wp-json\/wp\/v2\/users\/4"}],"replies":[{"embeddable":true,"href":"https:\/\/www.danksmillercory.com\/abogados\/wp-json\/wp\/v2\/comments?post=1781"}],"version-history":[{"count":6,"href":"https:\/\/www.danksmillercory.com\/abogados\/wp-json\/wp\/v2\/pages\/1781\/revisions"}],"predecessor-version":[{"id":1949,"href":"https:\/\/www.danksmillercory.com\/abogados\/wp-json\/wp\/v2\/pages\/1781\/revisions\/1949"}],"up":[{"embeddable":true,"href":"https:\/\/www.danksmillercory.com\/abogados\/wp-json\/wp\/v2\/pages\/127"}],"wp:attachment":[{"href":"https:\/\/www.danksmillercory.com\/abogados\/wp-json\/wp\/v2\/media?parent=1781"}],"curies":[{"name":"wp","href":"https:\/\/api.w.org\/{rel}","templated":true}]}}