{"id":1756,"date":"2022-04-05T17:12:52","date_gmt":"2022-04-05T22:12:52","guid":{"rendered":"http:\/\/www.danksmillercory.com\/abogados\/?page_id=1756"},"modified":"2022-05-20T13:52:36","modified_gmt":"2022-05-20T18:52:36","slug":"cancelacion-de-deportacion","status":"publish","type":"page","link":"https:\/\/www.danksmillercory.com\/abogados\/inmigracion\/cancelacion-de-deportacion\/","title":{"rendered":"Cancelacion de Deportacion"},"content":{"rendered":"<p>[et_pb_section fb_built=&#8221;1&#8243; _builder_version=&#8221;4.16&#8243; custom_padding=&#8221;||54px|||&#8221; global_colors_info=&#8221;{}&#8221;][et_pb_row _builder_version=&#8221;4.16&#8243; background_size=&#8221;initial&#8221; background_position=&#8221;top_left&#8221; background_repeat=&#8221;repeat&#8221; global_colors_info=&#8221;{}&#8221;][et_pb_column type=&#8221;4_4&#8243; _builder_version=&#8221;4.16&#8243; custom_padding=&#8221;|||&#8221; global_colors_info=&#8221;{}&#8221; custom_padding__hover=&#8221;|||&#8221;][et_pb_text _builder_version=&#8221;4.17.1&#8243; text_font=&#8221;Georgia||||||||&#8221; text_text_color=&#8221;#000000&#8243; text_font_size=&#8221;20px&#8221; header_font=&#8221;Georgia||||||||&#8221; background_size=&#8221;initial&#8221; background_position=&#8221;top_left&#8221; background_repeat=&#8221;repeat&#8221; inline_fonts=&#8221;Georgia&#8221; global_colors_info=&#8221;{}&#8221;]<\/p>\n<pre class=\"tw-data-text tw-text-large tw-ta\" data-placeholder=\"Translation\" dir=\"ltr\"><span style=\"font-family: Georgia; font-size: xx-large;\">CANCELACI\u00d3N DE DEPORTACI\u00d3N<\/span><\/pre>\n<p><span style=\"font-family: Georgia; font-weight: normal; font-size: x-large;\">Si est\u00e1 en el Tribunal de Inmigraci\u00f3n, corre el riesgo de ser deportado. Sin embargo, puede calificar para la cancelaci\u00f3n de deportaci\u00f3n. Ciertas personas son elegibles para convertirse en residentes permanentes si han estado viviendo en los Estados Unidos durante diez a\u00f1os y tienen un familiar ciudadano de los Estados Unidos. La cancelaci\u00f3n de deportaci\u00f3n suele ser un caso complejo, por lo que es importante que hable con un abogado de inmigraci\u00f3n para analizar su caso.<\/span><\/p>\n<h1><span class=\"Y2IQFc\" lang=\"es\"><\/span><\/h1>\n<h1><span style=\"font-size: x-large; font-family: Georgia; font-weight: normal;\"><span class=\"Y2IQFc\" lang=\"es\">Si desea agendar una consulta con uno de nuestros abogados, <\/span>ll\u00e1menos al 601.326.3000.\u00a0<\/span><span class=\"Y2IQFc\" lang=\"es\"><\/span><\/h1>\n<h1><span class=\"Y2IQFc\" lang=\"es\"><\/span><\/h1>\n<p><span class=\"Y2IQFc\" lang=\"es\"><\/span><\/p>\n<p>[\/et_pb_text][\/et_pb_column][\/et_pb_row][\/et_pb_section]<\/p>\n","protected":false},"excerpt":{"rendered":"<p>CANCELACI\u00d3N DE DEPORTACI\u00d3N Si est\u00e1 en el Tribunal de Inmigraci\u00f3n, corre el riesgo de ser deportado. Sin embargo, puede calificar para la cancelaci\u00f3n de deportaci\u00f3n. Ciertas personas son elegibles para convertirse en residentes permanentes si han estado viviendo en los Estados Unidos durante diez a\u00f1os y tienen un familiar ciudadano de los Estados Unidos. La [&hellip;]<\/p>\n","protected":false},"author":4,"featured_media":0,"parent":127,"menu_order":0,"comment_status":"closed","ping_status":"closed","template":"","meta":{"_et_pb_use_builder":"on","_et_pb_old_content":"","_et_gb_content_width":"","footnotes":""},"class_list":["post-1756","page","type-page","status-publish","hentry"],"_links":{"self":[{"href":"https:\/\/www.danksmillercory.com\/abogados\/wp-json\/wp\/v2\/pages\/1756","targetHints":{"allow":["GET"]}}],"collection":[{"href":"https:\/\/www.danksmillercory.com\/abogados\/wp-json\/wp\/v2\/pages"}],"about":[{"href":"https:\/\/www.danksmillercory.com\/abogados\/wp-json\/wp\/v2\/types\/page"}],"author":[{"embeddable":true,"href":"https:\/\/www.danksmillercory.com\/abogados\/wp-json\/wp\/v2\/users\/4"}],"replies":[{"embeddable":true,"href":"https:\/\/www.danksmillercory.com\/abogados\/wp-json\/wp\/v2\/comments?post=1756"}],"version-history":[{"count":5,"href":"https:\/\/www.danksmillercory.com\/abogados\/wp-json\/wp\/v2\/pages\/1756\/revisions"}],"predecessor-version":[{"id":2018,"href":"https:\/\/www.danksmillercory.com\/abogados\/wp-json\/wp\/v2\/pages\/1756\/revisions\/2018"}],"up":[{"embeddable":true,"href":"https:\/\/www.danksmillercory.com\/abogados\/wp-json\/wp\/v2\/pages\/127"}],"wp:attachment":[{"href":"https:\/\/www.danksmillercory.com\/abogados\/wp-json\/wp\/v2\/media?parent=1756"}],"curies":[{"name":"wp","href":"https:\/\/api.w.org\/{rel}","templated":true}]}}