{"id":1734,"date":"2022-04-05T11:38:05","date_gmt":"2022-04-05T16:38:05","guid":{"rendered":"http:\/\/www.danksmillercory.com\/abogados\/?page_id=1734"},"modified":"2024-01-04T19:12:44","modified_gmt":"2024-01-05T00:12:44","slug":"accidentes-y-heridas","status":"publish","type":"page","link":"https:\/\/www.danksmillercory.com\/abogados\/accidentes-y-heridas\/","title":{"rendered":"Accidentes y Heridas"},"content":{"rendered":"<p>[et_pb_section fb_built=&#8221;1&#8243; admin_label=&#8221;section&#8221; _builder_version=&#8221;4.16&#8243; global_colors_info=&#8221;{}&#8221;][et_pb_row admin_label=&#8221;row&#8221; _builder_version=&#8221;4.16&#8243; background_size=&#8221;initial&#8221; background_position=&#8221;top_left&#8221; background_repeat=&#8221;repeat&#8221; global_colors_info=&#8221;{}&#8221;][et_pb_column type=&#8221;4_4&#8243; _builder_version=&#8221;4.16&#8243; custom_padding=&#8221;|||&#8221; global_colors_info=&#8221;{}&#8221; custom_padding__hover=&#8221;|||&#8221;][et_pb_text _builder_version=&#8221;4.17.4&#8243; _module_preset=&#8221;default&#8221; inline_fonts=&#8221;Georgia&#8221; global_colors_info=&#8221;{}&#8221;]<\/p>\n<p><span style=\"font-family: Georgia; font-size: x-large; color: #000000;\">ACCIDENTES Y HERIDAS<\/span><\/p>\n<p><span style=\"font-family: Georgia; font-weight: normal; font-size: large; color: #000000;\">Si se producen lesiones por un accidente automovil\u00edstico, es \u00fatil contar con la representaci\u00f3n legal de un abogado con experiencia en accidentes automovil\u00edsticos lo antes posible. Las facturas m\u00e9dicas se acumulan r\u00e1pidamente y el seguro no quiere pagar la cantidad a la que tiene derecho.<\/span><\/p>\n<p><span style=\"font-family: Georgia; font-weight: normal; font-size: large; color: #000000;\">\u00a0<\/span><span style=\"font-family: Georgia; font-weight: normal; font-size: large; color: #000000;\">Ll\u00e1manos al 601.326.3000 y lucharemos para que puedas recibir una compensaci\u00f3n total.<\/span><\/p>\n<p>[\/et_pb_text][\/et_pb_column][\/et_pb_row][\/et_pb_section]<\/p>\n","protected":false},"excerpt":{"rendered":"<p>ACCIDENTES Y HERIDAS Si se producen lesiones por un accidente automovil\u00edstico, es \u00fatil contar con la representaci\u00f3n legal de un abogado con experiencia en accidentes automovil\u00edsticos lo antes posible. Las facturas m\u00e9dicas se acumulan r\u00e1pidamente y el seguro no quiere pagar la cantidad a la que tiene derecho. \u00a0Ll\u00e1manos al 601.326.3000 y lucharemos para que [&hellip;]<\/p>\n","protected":false},"author":4,"featured_media":0,"parent":0,"menu_order":0,"comment_status":"closed","ping_status":"closed","template":"","meta":{"_et_pb_use_builder":"on","_et_pb_old_content":"","_et_gb_content_width":"","footnotes":""},"class_list":["post-1734","page","type-page","status-publish","hentry"],"_links":{"self":[{"href":"https:\/\/www.danksmillercory.com\/abogados\/wp-json\/wp\/v2\/pages\/1734","targetHints":{"allow":["GET"]}}],"collection":[{"href":"https:\/\/www.danksmillercory.com\/abogados\/wp-json\/wp\/v2\/pages"}],"about":[{"href":"https:\/\/www.danksmillercory.com\/abogados\/wp-json\/wp\/v2\/types\/page"}],"author":[{"embeddable":true,"href":"https:\/\/www.danksmillercory.com\/abogados\/wp-json\/wp\/v2\/users\/4"}],"replies":[{"embeddable":true,"href":"https:\/\/www.danksmillercory.com\/abogados\/wp-json\/wp\/v2\/comments?post=1734"}],"version-history":[{"count":9,"href":"https:\/\/www.danksmillercory.com\/abogados\/wp-json\/wp\/v2\/pages\/1734\/revisions"}],"predecessor-version":[{"id":2171,"href":"https:\/\/www.danksmillercory.com\/abogados\/wp-json\/wp\/v2\/pages\/1734\/revisions\/2171"}],"wp:attachment":[{"href":"https:\/\/www.danksmillercory.com\/abogados\/wp-json\/wp\/v2\/media?parent=1734"}],"curies":[{"name":"wp","href":"https:\/\/api.w.org\/{rel}","templated":true}]}}