{"id":1725,"date":"2022-04-05T11:30:57","date_gmt":"2022-04-05T16:30:57","guid":{"rendered":"http:\/\/www.danksmillercory.com\/abogados\/?page_id=1725"},"modified":"2022-05-20T16:27:59","modified_gmt":"2022-05-20T21:27:59","slug":"derecho-de-familia","status":"publish","type":"page","link":"https:\/\/www.danksmillercory.com\/abogados\/derecho-de-familia\/","title":{"rendered":"Derecho de Familia"},"content":{"rendered":"<p>[et_pb_section fb_built=&#8221;1&#8243; admin_label=&#8221;section&#8221; _builder_version=&#8221;4.16&#8243; global_colors_info=&#8221;{}&#8221;][et_pb_row admin_label=&#8221;row&#8221; _builder_version=&#8221;4.16&#8243; background_size=&#8221;initial&#8221; background_position=&#8221;top_left&#8221; background_repeat=&#8221;repeat&#8221; global_colors_info=&#8221;{}&#8221;][et_pb_column type=&#8221;4_4&#8243; _builder_version=&#8221;4.16&#8243; custom_padding=&#8221;|||&#8221; global_colors_info=&#8221;{}&#8221; custom_padding__hover=&#8221;|||&#8221;][et_pb_text _builder_version=&#8221;4.17.4&#8243; _module_preset=&#8221;default&#8221; inline_fonts=&#8221;Georgia&#8221; global_colors_info=&#8221;{}&#8221;]<\/p>\n<p><span style=\"font-family: Georgia; font-weight: normal; font-size: x-large; color: #000000;\">DERECHO DE FAMILIA<\/span><\/p>\n<p><span style=\"font-family: Georgia; font-weight: normal; font-size: large; color: #000000;\">Nuestro bufete de abogados tiene experiencia en el manejo de divorcios, adopciones, acciones de paternidad, manutenci\u00f3n de ni\u00f1os y custodia de ni\u00f1os. Aunque puede representarse a s\u00ed mismo en estos procedimientos, siempre se sugiere que contrate a un abogado para que lo ayude a proteger sus derechos como padre, ya que estos casos pueden volverse complejos.<\/span><\/p>\n<p><span style=\"font-family: Georgia; font-weight: normal; font-size: large; color: #000000;\">\u00a0<\/span><\/p>\n<p><span style=\"font-family: Georgia; font-weight: normal; font-size: large; color: #000000;\">Si desea agendar una consulta con uno de nuestros abogados de derecho familiar, ll\u00e1menos al 601.326.3000.<\/span><\/p>\n<p>[\/et_pb_text][\/et_pb_column][\/et_pb_row][\/et_pb_section]<\/p>\n","protected":false},"excerpt":{"rendered":"<p>DERECHO DE FAMILIA Nuestro bufete de abogados tiene experiencia en el manejo de divorcios, adopciones, acciones de paternidad, manutenci\u00f3n de ni\u00f1os y custodia de ni\u00f1os. Aunque puede representarse a s\u00ed mismo en estos procedimientos, siempre se sugiere que contrate a un abogado para que lo ayude a proteger sus derechos como padre, ya que estos [&hellip;]<\/p>\n","protected":false},"author":4,"featured_media":0,"parent":0,"menu_order":0,"comment_status":"closed","ping_status":"closed","template":"","meta":{"_et_pb_use_builder":"on","_et_pb_old_content":"","_et_gb_content_width":"","footnotes":""},"class_list":["post-1725","page","type-page","status-publish","hentry"],"_links":{"self":[{"href":"https:\/\/www.danksmillercory.com\/abogados\/wp-json\/wp\/v2\/pages\/1725","targetHints":{"allow":["GET"]}}],"collection":[{"href":"https:\/\/www.danksmillercory.com\/abogados\/wp-json\/wp\/v2\/pages"}],"about":[{"href":"https:\/\/www.danksmillercory.com\/abogados\/wp-json\/wp\/v2\/types\/page"}],"author":[{"embeddable":true,"href":"https:\/\/www.danksmillercory.com\/abogados\/wp-json\/wp\/v2\/users\/4"}],"replies":[{"embeddable":true,"href":"https:\/\/www.danksmillercory.com\/abogados\/wp-json\/wp\/v2\/comments?post=1725"}],"version-history":[{"count":5,"href":"https:\/\/www.danksmillercory.com\/abogados\/wp-json\/wp\/v2\/pages\/1725\/revisions"}],"predecessor-version":[{"id":2062,"href":"https:\/\/www.danksmillercory.com\/abogados\/wp-json\/wp\/v2\/pages\/1725\/revisions\/2062"}],"wp:attachment":[{"href":"https:\/\/www.danksmillercory.com\/abogados\/wp-json\/wp\/v2\/media?parent=1725"}],"curies":[{"name":"wp","href":"https:\/\/api.w.org\/{rel}","templated":true}]}}