{"id":1719,"date":"2022-04-05T11:27:35","date_gmt":"2022-04-05T16:27:35","guid":{"rendered":"http:\/\/www.danksmillercory.com\/abogados\/?page_id=1719"},"modified":"2022-04-05T12:08:08","modified_gmt":"2022-04-05T17:08:08","slug":"negligencia-medica","status":"publish","type":"page","link":"https:\/\/www.danksmillercory.com\/abogados\/negligencia-medica\/","title":{"rendered":"Negligencia Medica"},"content":{"rendered":"<p>[et_pb_section][et_pb_row][et_pb_column type=&#8221;4_4&#8243;][et_pb_text admin_label=&#8221;Text&#8221; background_layout=&#8221;light&#8221; text_orientation=&#8221;left&#8221;]<\/p>\n<h1 class=\"tw-data-text tw-text-large tw-ta\" dir=\"ltr\" data-placeholder=\"Translation\"><strong><span class=\"Y2IQFc\" lang=\"es\">Negligencia M\u00e9dica<\/span><\/strong><\/h1>\n<p>[\/et_pb_text][et_pb_text admin_label=&#8221;Text&#8221; background_layout=&#8221;light&#8221; text_orientation=&#8221;left&#8221;]<\/p>\n<h3 id=\"tw-target-text\" class=\"tw-data-text tw-text-large tw-ta\" dir=\"ltr\" data-placeholder=\"Translation\"><span class=\"Y2IQFc\" lang=\"es\">A veces, los profesionales m\u00e9dicos cometen errores que podr\u00edan haberse evitado. Estos errores pueden tener consecuencias devastadoras que alteran la vida. <\/span><\/h3>\n<h3 class=\"tw-data-text tw-text-large tw-ta\" dir=\"ltr\" data-placeholder=\"Translation\"><span class=\"Y2IQFc\" lang=\"es\">Si usted o un ser querido han resultado da\u00f1ados por la negligencia de un m\u00e9dico u hospital, debe llamarnos de inmediato. <\/span><\/h3>\n<h3 class=\"tw-data-text tw-text-large tw-ta\" dir=\"ltr\" data-placeholder=\"Translation\"><span class=\"Y2IQFc\" lang=\"es\">Nuestros abogados tienen una experiencia combinada de m\u00e1s de 50 a\u00f1os en el manejo de casos de negligencia m\u00e9dica y han representado a cientos de pacientes lesionados en Mississippi. <\/span><\/h3>\n<h3 class=\"tw-data-text tw-text-large tw-ta\" dir=\"ltr\" data-placeholder=\"Translation\"><span class=\"Y2IQFc\" lang=\"es\">Los casos de negligencia m\u00e9dica tienen un per\u00edodo de tiempo corto en el que puede tomar medidas, por lo que es importante que programe una consulta de inmediato. <\/span><\/h3>\n<h3 class=\"tw-data-text tw-text-large tw-ta\" dir=\"ltr\" data-placeholder=\"Translation\"><span class=\"Y2IQFc\" lang=\"es\">Para hablar con uno de nuestros abogados de negligencia m\u00e9dica, llame a nuestra oficina al 601.326.3000.<\/span><\/h3>\n<p>&nbsp;<\/p>\n<p>[\/et_pb_text][\/et_pb_column][\/et_pb_row][\/et_pb_section]<\/p>\n","protected":false},"excerpt":{"rendered":"<div class=\"et_pb_section et_pb_section_0 et_section_regular\" ><\/div>\n<div class=\"et_pb_row et_pb_row_0 et_pb_row_empty\"><\/div>\n<p> Negligencia M\u00e9dica A veces, los profesionales m\u00e9dicos cometen errores que podr\u00edan haberse evitado. Estos errores pueden tener consecuencias devastadoras que alteran la vida. Si usted o un ser querido han resultado da\u00f1ados por la negligencia de un m\u00e9dico u hospital, debe llamarnos de inmediato. Nuestros abogados tienen una experiencia combinada de m\u00e1s de 50 [&hellip;]<\/p>\n","protected":false},"author":4,"featured_media":0,"parent":0,"menu_order":0,"comment_status":"closed","ping_status":"closed","template":"","meta":{"_et_pb_use_builder":"on","_et_pb_old_content":"","_et_gb_content_width":"","footnotes":""},"class_list":["post-1719","page","type-page","status-publish","hentry"],"_links":{"self":[{"href":"https:\/\/www.danksmillercory.com\/abogados\/wp-json\/wp\/v2\/pages\/1719","targetHints":{"allow":["GET"]}}],"collection":[{"href":"https:\/\/www.danksmillercory.com\/abogados\/wp-json\/wp\/v2\/pages"}],"about":[{"href":"https:\/\/www.danksmillercory.com\/abogados\/wp-json\/wp\/v2\/types\/page"}],"author":[{"embeddable":true,"href":"https:\/\/www.danksmillercory.com\/abogados\/wp-json\/wp\/v2\/users\/4"}],"replies":[{"embeddable":true,"href":"https:\/\/www.danksmillercory.com\/abogados\/wp-json\/wp\/v2\/comments?post=1719"}],"version-history":[{"count":7,"href":"https:\/\/www.danksmillercory.com\/abogados\/wp-json\/wp\/v2\/pages\/1719\/revisions"}],"predecessor-version":[{"id":1737,"href":"https:\/\/www.danksmillercory.com\/abogados\/wp-json\/wp\/v2\/pages\/1719\/revisions\/1737"}],"wp:attachment":[{"href":"https:\/\/www.danksmillercory.com\/abogados\/wp-json\/wp\/v2\/media?parent=1719"}],"curies":[{"name":"wp","href":"https:\/\/api.w.org\/{rel}","templated":true}]}}