{"id":1632,"date":"2021-07-06T23:01:56","date_gmt":"2021-07-06T22:01:56","guid":{"rendered":"http:\/\/www.danksmillercory.com\/abogados\/?page_id=1632"},"modified":"2023-12-29T16:59:50","modified_gmt":"2023-12-29T21:59:50","slug":"christian-medina","status":"publish","type":"page","link":"https:\/\/www.danksmillercory.com\/abogados\/christian-medina\/","title":{"rendered":"Christian Medina"},"content":{"rendered":"<p>[et_pb_section fb_built=&#8221;1&#8243; _builder_version=&#8221;4.16&#8243; global_colors_info=&#8221;{}&#8221;][et_pb_row _builder_version=&#8221;4.16&#8243; background_size=&#8221;initial&#8221; background_position=&#8221;top_left&#8221; background_repeat=&#8221;repeat&#8221; global_colors_info=&#8221;{}&#8221;][et_pb_column type=&#8221;4_4&#8243; _builder_version=&#8221;4.16&#8243; custom_padding=&#8221;|||&#8221; global_colors_info=&#8221;{}&#8221; custom_padding__hover=&#8221;|||&#8221;][et_pb_text admin_label=&#8221;Text&#8221; _builder_version=&#8221;4.16&#8243; background_size=&#8221;initial&#8221; background_position=&#8221;top_left&#8221; background_repeat=&#8221;repeat&#8221; global_colors_info=&#8221;{}&#8221;]<\/p>\n<h1>CHRISTIAN MEDINA<\/h1>\n<p id=\"tw-target-text\" class=\"tw-data-text tw-text-large XcVN5d tw-ta\" dir=\"ltr\" data-placeholder=\"Translation\">\n<p>[\/et_pb_text][et_pb_text admin_label=&#8221;Text&#8221; _builder_version=&#8221;4.16&#8243; background_size=&#8221;initial&#8221; background_position=&#8221;top_left&#8221; background_repeat=&#8221;repeat&#8221; text_orientation=&#8221;right&#8221; global_colors_info=&#8221;{}&#8221;][\/et_pb_text][\/et_pb_column][\/et_pb_row][et_pb_row column_structure=&#8221;2_5,3_5&#8243; _builder_version=&#8221;4.23.4&#8243; _module_preset=&#8221;default&#8221; global_colors_info=&#8221;{}&#8221;][et_pb_column type=&#8221;2_5&#8243; _builder_version=&#8221;4.23.4&#8243; _module_preset=&#8221;default&#8221; global_colors_info=&#8221;{}&#8221;][et_pb_image src=&#8221;https:\/\/www.danksmillercory.com\/abogados\/wp-content\/uploads\/2021\/07\/Michelle-Davison-CM-12.jpg&#8221; title_text=&#8221;Michelle Davison &#8211; CM-12&#8243; _builder_version=&#8221;4.23.4&#8243; _module_preset=&#8221;default&#8221; global_colors_info=&#8221;{}&#8221;][\/et_pb_image][\/et_pb_column][et_pb_column type=&#8221;3_5&#8243; _builder_version=&#8221;4.23.4&#8243; _module_preset=&#8221;default&#8221; global_colors_info=&#8221;{}&#8221;][et_pb_text _builder_version=&#8221;4.23.4&#8243; _module_preset=&#8221;default&#8221; global_colors_info=&#8221;{}&#8221;]<\/p>\n<p>Christian Medina es socio de Danks, Miller y Cory. Se incorpor\u00f3 al despacho de abogados en 2018.\u00a0<\/p>\n<p>\u00a0Christian es originario de Lenorah, Texas. Recibi\u00f3 su t\u00edtulo de asociado en 2012 de Midland College. Luego se traslad\u00f3 a la Universidad de Texas del Permian Basin, donde se gradu\u00f3 cum laude y recibi\u00f3 sus t\u00edtulos en ciencias pol\u00edticas e historia en 2015. Luego asisti\u00f3 a la Facultad de Derecho de Mississippi College. Se gradu\u00f3 con honores de la Facultad de Derecho de Mississippi College en Mayo del 2018.<\/p>\n<p>\u00a0La pr\u00e1ctica de Christian se centra principalmente en Derecho de Inmigraci\u00f3n y Nacionalidad, Derecho de Familia y Derecho Penal<\/p>\n<p>Llamame<\/p>\n<p>Tel.: 601.326.3000<\/p>\n<p>Fax: 601.510.7665<\/p>\n<p>E-mail: cmedina@dmclaw.net<\/p>\n<p>[\/et_pb_text][\/et_pb_column][\/et_pb_row][\/et_pb_section]<\/p>\n","protected":false},"excerpt":{"rendered":"<p>CHRISTIAN MEDINA Christian Medina es socio de Danks, Miller y Cory. Se incorpor\u00f3 al despacho de abogados en 2018.\u00a0 \u00a0Christian es originario de Lenorah, Texas. Recibi\u00f3 su t\u00edtulo de asociado en 2012 de Midland College. Luego se traslad\u00f3 a la Universidad de Texas del Permian Basin, donde se gradu\u00f3 cum laude y recibi\u00f3 sus t\u00edtulos [&hellip;]<\/p>\n","protected":false},"author":4,"featured_media":0,"parent":0,"menu_order":0,"comment_status":"closed","ping_status":"closed","template":"","meta":{"_et_pb_use_builder":"on","_et_pb_old_content":"<h1>CHRISTIAN MEDINA<\/h1><p id=\"tw-target-text\" class=\"tw-data-text tw-text-large XcVN5d tw-ta\" dir=\"ltr\" data-placeholder=\"Translation\"><span class=\"Y2IQFc\" lang=\"es\">Christian Medina es asociado de Danks, Miller y Cory. Se incorpor\u00f3 a la firma de abogados en 2018. Habla ingl\u00e9s y espa\u00f1ol con fluidez.<\/span><\/p><p id=\"tw-target-text\" class=\"tw-data-text tw-text-large XcVN5d tw-ta\" dir=\"ltr\" data-placeholder=\"Translation\"><span class=\"Y2IQFc\" lang=\"es\">Christian es originario de Lenorah, Texas. Recibi\u00f3 su t\u00edtulo de asociado en 2012 de <a href=\"https:\/\/www.midland.edu\/\">Midland College<\/a>. Luego se traslad\u00f3 a la <a href=\"https:\/\/online.utpb.edu\/?gclid=CjwKCAjw_o-HBhAsEiwANqYhp73LEcN8nUV0JnvBLbBHuafEV7rmgt-wfJ1rhd8wzTdVY5Moi6Em7hoCCzYQAvD_BwE\">Universidad de Texas del Permian Basin<\/a>, donde se gradu\u00f3 cum laude y recibi\u00f3 sus t\u00edtulos en ciencias pol\u00edticas e historia en 2015. Luego asisti\u00f3 a la <a href=\"https:\/\/law.mc.edu\/\">Facultad de Derecho de Mississippi College<\/a>, donde fue miembro de la Junta del Tribunal Moot. Se gradu\u00f3 con honores de la Facultad de Derecho de Mississippi College en mayo del 2018.<\/span><\/p><p id=\"tw-target-text\" class=\"tw-data-text tw-text-large XcVN5d tw-ta\" dir=\"ltr\" data-placeholder=\"Translation\"><span class=\"Y2IQFc\" lang=\"es\">Christian tiene licencia para ejercer en el estado de Mississippi. Es abogado de pr\u00e1ctica general. Tambi\u00e9n ejerce en el \u00e1rea de Derecho de Inmigracion.<\/span><\/p><p class=\"tw-data-text tw-text-large XcVN5d tw-ta\" dir=\"ltr\" data-placeholder=\"Translation\">Llamame<br \/> Tel.: 601.326.3000<br \/> Fax: 601.510.7665<br \/> E-mail: cmedina@dmclaw.net<\/p>","_et_gb_content_width":"","footnotes":""},"class_list":["post-1632","page","type-page","status-publish","hentry"],"_links":{"self":[{"href":"https:\/\/www.danksmillercory.com\/abogados\/wp-json\/wp\/v2\/pages\/1632","targetHints":{"allow":["GET"]}}],"collection":[{"href":"https:\/\/www.danksmillercory.com\/abogados\/wp-json\/wp\/v2\/pages"}],"about":[{"href":"https:\/\/www.danksmillercory.com\/abogados\/wp-json\/wp\/v2\/types\/page"}],"author":[{"embeddable":true,"href":"https:\/\/www.danksmillercory.com\/abogados\/wp-json\/wp\/v2\/users\/4"}],"replies":[{"embeddable":true,"href":"https:\/\/www.danksmillercory.com\/abogados\/wp-json\/wp\/v2\/comments?post=1632"}],"version-history":[{"count":18,"href":"https:\/\/www.danksmillercory.com\/abogados\/wp-json\/wp\/v2\/pages\/1632\/revisions"}],"predecessor-version":[{"id":2127,"href":"https:\/\/www.danksmillercory.com\/abogados\/wp-json\/wp\/v2\/pages\/1632\/revisions\/2127"}],"wp:attachment":[{"href":"https:\/\/www.danksmillercory.com\/abogados\/wp-json\/wp\/v2\/media?parent=1632"}],"curies":[{"name":"wp","href":"https:\/\/api.w.org\/{rel}","templated":true}]}}